{"id":938,"date":"2024-02-22T13:58:50","date_gmt":"2024-02-22T12:58:50","guid":{"rendered":"http:\/\/guk2.kreativision.net\/?page_id=938"},"modified":"2025-09-08T15:08:51","modified_gmt":"2025-09-08T13:08:51","slug":"impressum","status":"publish","type":"page","link":"https:\/\/guk-falzmaschinen.com\/en\/impressum\/","title":{"rendered":"Imprint"},"content":{"rendered":"<div data-elementor-type=\"wp-page\" data-elementor-id=\"938\" class=\"elementor elementor-938\" data-elementor-post-type=\"page\">\n\t\t\t\t<div class=\"elementor-element elementor-element-5e89c9b4 e-con-full e-flex e-con e-parent\" data-id=\"5e89c9b4\" data-element_type=\"container\" data-settings=\"{&quot;background_background&quot;:&quot;classic&quot;}\">\n\t\t<div class=\"elementor-element elementor-element-6a337a0b e-con-full e-flex e-con e-child\" data-id=\"6a337a0b\" data-element_type=\"container\" data-settings=\"{&quot;background_background&quot;:&quot;classic&quot;}\">\n\t\t\t\t<\/div>\n\t\t\t\t<\/div>\n\t\t<div class=\"elementor-element elementor-element-d05a182 e-flex e-con-boxed e-con e-parent\" data-id=\"d05a182\" data-element_type=\"container\">\n\t\t\t\t\t<div class=\"e-con-inner\">\n\t\t\t\t<div class=\"elementor-element elementor-element-d736e34 elementor-widget elementor-widget-heading\" data-id=\"d736e34\" data-element_type=\"widget\" data-widget_type=\"heading.default\">\n\t\t\t\t<div class=\"elementor-widget-container\">\n\t\t\t\t\t<h2 class=\"elementor-heading-title elementor-size-default\">Imprint<\/h2>\t\t\t\t<\/div>\n\t\t\t\t<\/div>\n\t\t\t\t<div class=\"elementor-element elementor-element-a3cbd95 elementor-widget elementor-widget-text-editor\" data-id=\"a3cbd95\" data-element_type=\"widget\" data-widget_type=\"text-editor.default\">\n\t\t\t\t<div class=\"elementor-widget-container\">\n\t\t\t\t\t\t\t\t\t<h2>Site operator according to \u00a7 5 TMG<\/h2><p><strong>GUK Falzmaschinen GmbH &amp; Co. KG.<\/strong><\/p><p>Bahnhofstr. 4<br \/>D-78669 Wellendingen<\/p><p>Phone : +49-7426-703-1<br \/>Fax : +49-7426-703-333<br \/>Email : info@guk-falzmaschinen.de<\/p><p><strong>CEO<br \/><\/strong>Susanne Faulhaber<br \/>Friedrich Faulhaber<\/p><h3>Sales tax identification number according to \u00a7 27 a sales tax law<\/h3><p>Tax-ID: DE142809876<\/p><h3>Liable company<\/h3><p>GUK-Verwaltungs-GmbH, Wellendingen<br \/>Commercial register: Stuttgart HRB 470209<\/p><h3>Person responsible for editorial<\/h3><p>Sebastian Faulhaber<\/p><h3>Dispute resolution proceedings in front of a consumer arbitration board<\/h3><p>We are not willing or obliged to participate in dispute resolution proceedings in front of a consumer arbitration board.<\/p>\t\t\t\t\t\t\t\t<\/div>\n\t\t\t\t<\/div>\n\t\t\t\t<div class=\"elementor-element elementor-element-80bad5c elementor-hidden-desktop elementor-hidden-laptop elementor-hidden-tablet elementor-hidden-mobile elementor-widget elementor-widget-heading\" data-id=\"80bad5c\" data-element_type=\"widget\" data-widget_type=\"heading.default\">\n\t\t\t\t<div class=\"elementor-widget-container\">\n\t\t\t\t\t<h2 class=\"elementor-heading-title elementor-size-default\">Concept, Design, Production <\/h2>\t\t\t\t<\/div>\n\t\t\t\t<\/div>\n\t\t\t\t<div class=\"elementor-element elementor-element-9f7a1a2 elementor-hidden-desktop elementor-hidden-laptop elementor-hidden-tablet elementor-hidden-mobile elementor-widget elementor-widget-text-editor\" data-id=\"9f7a1a2\" data-element_type=\"widget\" data-widget_type=\"text-editor.default\">\n\t\t\t\t<div class=\"elementor-widget-container\">\n\t\t\t\t\t\t\t\t\t<p>KreatiFabrik GmbH<br \/>Brunnenstra\u00dfe 6<br \/>78554 Aldingen<br \/><strong>P<\/strong> 0 74 24 \/ 95 844 \u2013 0<br \/><strong>M<\/strong> <a href=\"mailto:post@kreatifabrik.de\">post@kreatifabrik.de<\/a><br \/><a href=\"http:\/\/www.kreatifabrik.de\">www.Kreatifabrik.de<\/a><\/p>\t\t\t\t\t\t\t\t<\/div>\n\t\t\t\t<\/div>\n\t\t\t\t<div class=\"elementor-element elementor-element-54dea38 elementor-widget elementor-widget-heading\" data-id=\"54dea38\" data-element_type=\"widget\" data-widget_type=\"heading.default\">\n\t\t\t\t<div class=\"elementor-widget-container\">\n\t\t\t\t\t<h2 class=\"elementor-heading-title elementor-size-default\">\nDisclaimer\n<\/h2>\t\t\t\t<\/div>\n\t\t\t\t<\/div>\n\t\t\t\t<div class=\"elementor-element elementor-element-71292f2 elementor-widget elementor-widget-text-editor\" data-id=\"71292f2\" data-element_type=\"widget\" data-widget_type=\"text-editor.default\">\n\t\t\t\t<div class=\"elementor-widget-container\">\n\t\t\t\t\t\t\t\t\t<p><strong>Liability for contents<br \/><\/strong>As a service provider, we are responsible for our own content on these pages in accordance with Section 7 (1) TMG (German Telemedia Act) and general legislation. According to \u00a7\u00a7 8 to 10 TMG, however, we as a service provider are not obliged to monitor transmitted or stored third-party information or to investigate circumstances that indicate illegal activity. Obligations to remove or block the use of information in accordance with general legislation remain unaffected by this. However, liability in this respect is only possible from the time of knowledge of a specific infringement. As soon as we become aware of such infringements, we will remove this content immediately.<\/p><p>\u00a0<\/p><p><strong>Liability for links<\/strong><\/p><p>Our website contains links to external third-party websites over whose content we have no influence. Therefore, we cannot accept any liability for this third-party content. The respective provider or operator of the pages is always responsible for the content of the linked pages. The linked pages were checked for possible legal violations at the time of linking. Illegal content was not recognizable at the time of linking. However, permanent monitoring of the content of the linked pages is not reasonable without concrete evidence of an infringement. If we become aware of any legal infringements, we will remove such links immediately.<\/p><p>\u00a0<\/p><p><strong>Copyright<\/strong><\/p><p>The content and works created by the site operators on these pages are subject to German copyright law. Duplication, processing, distribution and any form of commercialization of such material beyond the scope of the copyright law shall require the prior written consent of its respective author or creator. Downloads and copies of this site are only permitted for private, non-commercial use. Insofar as the content on this site was not created by the operator, the copyrights of third parties are respected. In particular, third-party content is identified as such. Should you nevertheless become aware of a copyright infringement, please inform us accordingly. If we become aware of any infringements, we will remove such content immediately.<\/p>\t\t\t\t\t\t\t\t<\/div>\n\t\t\t\t<\/div>\n\t\t\t\t\t<\/div>\n\t\t\t\t<\/div>\n\t\t\t\t<\/div>","protected":false},"excerpt":{"rendered":"<p>Impressum Seitenbetreiber i.S.d. \u00a7 5 TMG GUK Falzmaschinen GmbH &amp; Co. KG. Bahnhofstr. 4D-78669 Wellendingen Telefon : +49-7426-703-1Fax : +49-7426-703-333Email : info@guk-falzmaschinen.de Gesch\u00e4ftsf\u00fchrerSusanne FaulhaberFriedrich Faulhaber Umsatzsteuer-Identifikationsnummer gem\u00e4\u00df \u00a7 27 a Umsatzsteuergesetz USt-IdNr. : DE142809876 Haftende Gesellschaft\u200b GUK-Verwaltungs-GmbH, WellendingenHandelsregister: Stuttgart HRB 470209 Redaktionell verantwortlich Sebastian Faulhaber Verbraucher\u00adstreit\u00adbeilegung\/Universal\u00adschlichtungs\u00adstelle Wir sind nicht bereit oder verpflichtet, an Streitbeilegungsverfahren vor [&hellip;]<\/p>\n","protected":false},"author":1,"featured_media":0,"parent":0,"menu_order":0,"comment_status":"closed","ping_status":"closed","template":"elementor_header_footer","meta":{"footnotes":""},"class_list":["post-938","page","type-page","status-publish","hentry"],"yoast_head":"<!-- This site is optimized with the Yoast SEO plugin v27.1.1 - https:\/\/yoast.com\/product\/yoast-seo-wordpress\/ -->\n<title>Impressum - GUK<\/title>\n<meta name=\"description\" content=\"GUK Falzmaschinen GmbH &amp; Co. KG. Bahnhofstr. 4. D-78669 Wellendingen. Telefon : +49-7426-703-1 Fax : +49-7426-703-333 Email : info@guk-falzmaschinen.de\" \/>\n<meta name=\"robots\" content=\"index, follow, max-snippet:-1, max-image-preview:large, max-video-preview:-1\" \/>\n<link rel=\"canonical\" href=\"https:\/\/guk-falzmaschinen.com\/en\/impressum\/\" \/>\n<meta property=\"og:locale\" content=\"en_GB\" \/>\n<meta property=\"og:type\" content=\"article\" \/>\n<meta property=\"og:title\" content=\"Impressum - GUK\" \/>\n<meta property=\"og:description\" content=\"GUK Falzmaschinen GmbH &amp; Co. KG. Bahnhofstr. 4. D-78669 Wellendingen. Telefon : +49-7426-703-1 Fax : +49-7426-703-333 Email : info@guk-falzmaschinen.de\" \/>\n<meta property=\"og:url\" content=\"https:\/\/guk-falzmaschinen.com\/en\/impressum\/\" \/>\n<meta property=\"og:site_name\" content=\"GUK\" \/>\n<meta property=\"article:modified_time\" content=\"2025-09-08T13:08:51+00:00\" \/>\n<meta name=\"twitter:card\" content=\"summary_large_image\" \/>\n<meta name=\"twitter:label1\" content=\"Estimated reading time\" \/>\n\t<meta name=\"twitter:data1\" content=\"3 minutes\" \/>\n<script type=\"application\/ld+json\" class=\"yoast-schema-graph\">{\"@context\":\"https:\/\/schema.org\",\"@graph\":[{\"@type\":\"WebPage\",\"@id\":\"https:\/\/guk-falzmaschinen.com\/impressum\/\",\"url\":\"https:\/\/guk-falzmaschinen.com\/impressum\/\",\"name\":\"Impressum - GUK\",\"isPartOf\":{\"@id\":\"https:\/\/guk-falzmaschinen.com\/#website\"},\"datePublished\":\"2024-02-22T12:58:50+00:00\",\"dateModified\":\"2025-09-08T13:08:51+00:00\",\"description\":\"GUK Falzmaschinen GmbH & Co. KG. Bahnhofstr. 4. D-78669 Wellendingen. Telefon : +49-7426-703-1 Fax : +49-7426-703-333 Email : info@guk-falzmaschinen.de\",\"breadcrumb\":{\"@id\":\"https:\/\/guk-falzmaschinen.com\/impressum\/#breadcrumb\"},\"inLanguage\":\"en-GB\",\"potentialAction\":[{\"@type\":\"ReadAction\",\"target\":[\"https:\/\/guk-falzmaschinen.com\/impressum\/\"]}]},{\"@type\":\"BreadcrumbList\",\"@id\":\"https:\/\/guk-falzmaschinen.com\/impressum\/#breadcrumb\",\"itemListElement\":[{\"@type\":\"ListItem\",\"position\":1,\"name\":\"Startseite\",\"item\":\"https:\/\/guk-falzmaschinen.com\/\"},{\"@type\":\"ListItem\",\"position\":2,\"name\":\"Impressum\"}]},{\"@type\":\"WebSite\",\"@id\":\"https:\/\/guk-falzmaschinen.com\/#website\",\"url\":\"https:\/\/guk-falzmaschinen.com\/\",\"name\":\"GUK Falzmaschinen\",\"description\":\"Falzmaschinen und Drehtechnik\",\"publisher\":{\"@id\":\"https:\/\/guk-falzmaschinen.com\/#organization\"},\"potentialAction\":[{\"@type\":\"SearchAction\",\"target\":{\"@type\":\"EntryPoint\",\"urlTemplate\":\"https:\/\/guk-falzmaschinen.com\/?s={search_term_string}\"},\"query-input\":{\"@type\":\"PropertyValueSpecification\",\"valueRequired\":true,\"valueName\":\"search_term_string\"}}],\"inLanguage\":\"en-GB\"},{\"@type\":\"Organization\",\"@id\":\"https:\/\/guk-falzmaschinen.com\/#organization\",\"name\":\"GUK\",\"url\":\"https:\/\/guk-falzmaschinen.com\/\",\"logo\":{\"@type\":\"ImageObject\",\"inLanguage\":\"en-GB\",\"@id\":\"https:\/\/guk-falzmaschinen.com\/#\/schema\/logo\/image\/\",\"url\":\"https:\/\/guk-falzmaschinen.com\/wp-content\/uploads\/2024\/02\/cropped-GUK_Logo_2024_Himmelblau.png\",\"contentUrl\":\"https:\/\/guk-falzmaschinen.com\/wp-content\/uploads\/2024\/02\/cropped-GUK_Logo_2024_Himmelblau.png\",\"width\":592,\"height\":306,\"caption\":\"GUK\"},\"image\":{\"@id\":\"https:\/\/guk-falzmaschinen.com\/#\/schema\/logo\/image\/\"}}]}<\/script>\n<!-- \/ Yoast SEO plugin. -->","yoast_head_json":{"title":"Impressum - GUK","description":"GUK Falzmaschinen GmbH & Co. KG. Bahnhofstr. 4. D-78669 Wellendingen. Telefon : +49-7426-703-1 Fax : +49-7426-703-333 Email : info@guk-falzmaschinen.de","robots":{"index":"index","follow":"follow","max-snippet":"max-snippet:-1","max-image-preview":"max-image-preview:large","max-video-preview":"max-video-preview:-1"},"canonical":"https:\/\/guk-falzmaschinen.com\/en\/impressum\/","og_locale":"en_GB","og_type":"article","og_title":"Impressum - GUK","og_description":"GUK Falzmaschinen GmbH & Co. KG. Bahnhofstr. 4. D-78669 Wellendingen. Telefon : +49-7426-703-1 Fax : +49-7426-703-333 Email : info@guk-falzmaschinen.de","og_url":"https:\/\/guk-falzmaschinen.com\/en\/impressum\/","og_site_name":"GUK","article_modified_time":"2025-09-08T13:08:51+00:00","twitter_card":"summary_large_image","twitter_misc":{"Estimated reading time":"3 minutes"},"schema":{"@context":"https:\/\/schema.org","@graph":[{"@type":"WebPage","@id":"https:\/\/guk-falzmaschinen.com\/impressum\/","url":"https:\/\/guk-falzmaschinen.com\/impressum\/","name":"Impressum - GUK","isPartOf":{"@id":"https:\/\/guk-falzmaschinen.com\/#website"},"datePublished":"2024-02-22T12:58:50+00:00","dateModified":"2025-09-08T13:08:51+00:00","description":"GUK Falzmaschinen GmbH & Co. KG. Bahnhofstr. 4. D-78669 Wellendingen. Telefon : +49-7426-703-1 Fax : +49-7426-703-333 Email : info@guk-falzmaschinen.de","breadcrumb":{"@id":"https:\/\/guk-falzmaschinen.com\/impressum\/#breadcrumb"},"inLanguage":"en-GB","potentialAction":[{"@type":"ReadAction","target":["https:\/\/guk-falzmaschinen.com\/impressum\/"]}]},{"@type":"BreadcrumbList","@id":"https:\/\/guk-falzmaschinen.com\/impressum\/#breadcrumb","itemListElement":[{"@type":"ListItem","position":1,"name":"Startseite","item":"https:\/\/guk-falzmaschinen.com\/"},{"@type":"ListItem","position":2,"name":"Impressum"}]},{"@type":"WebSite","@id":"https:\/\/guk-falzmaschinen.com\/#website","url":"https:\/\/guk-falzmaschinen.com\/","name":"GUK Falzmaschinen","description":"Falzmaschinen und Drehtechnik","publisher":{"@id":"https:\/\/guk-falzmaschinen.com\/#organization"},"potentialAction":[{"@type":"SearchAction","target":{"@type":"EntryPoint","urlTemplate":"https:\/\/guk-falzmaschinen.com\/?s={search_term_string}"},"query-input":{"@type":"PropertyValueSpecification","valueRequired":true,"valueName":"search_term_string"}}],"inLanguage":"en-GB"},{"@type":"Organization","@id":"https:\/\/guk-falzmaschinen.com\/#organization","name":"GUK","url":"https:\/\/guk-falzmaschinen.com\/","logo":{"@type":"ImageObject","inLanguage":"en-GB","@id":"https:\/\/guk-falzmaschinen.com\/#\/schema\/logo\/image\/","url":"https:\/\/guk-falzmaschinen.com\/wp-content\/uploads\/2024\/02\/cropped-GUK_Logo_2024_Himmelblau.png","contentUrl":"https:\/\/guk-falzmaschinen.com\/wp-content\/uploads\/2024\/02\/cropped-GUK_Logo_2024_Himmelblau.png","width":592,"height":306,"caption":"GUK"},"image":{"@id":"https:\/\/guk-falzmaschinen.com\/#\/schema\/logo\/image\/"}}]}},"_links":{"self":[{"href":"https:\/\/guk-falzmaschinen.com\/en\/wp-json\/wp\/v2\/pages\/938","targetHints":{"allow":["GET"]}}],"collection":[{"href":"https:\/\/guk-falzmaschinen.com\/en\/wp-json\/wp\/v2\/pages"}],"about":[{"href":"https:\/\/guk-falzmaschinen.com\/en\/wp-json\/wp\/v2\/types\/page"}],"author":[{"embeddable":true,"href":"https:\/\/guk-falzmaschinen.com\/en\/wp-json\/wp\/v2\/users\/1"}],"replies":[{"embeddable":true,"href":"https:\/\/guk-falzmaschinen.com\/en\/wp-json\/wp\/v2\/comments?post=938"}],"version-history":[{"count":3,"href":"https:\/\/guk-falzmaschinen.com\/en\/wp-json\/wp\/v2\/pages\/938\/revisions"}],"predecessor-version":[{"id":16598,"href":"https:\/\/guk-falzmaschinen.com\/en\/wp-json\/wp\/v2\/pages\/938\/revisions\/16598"}],"wp:attachment":[{"href":"https:\/\/guk-falzmaschinen.com\/en\/wp-json\/wp\/v2\/media?parent=938"}],"curies":[{"name":"wp","href":"https:\/\/api.w.org\/{rel}","templated":true}]}}